{"id":149,"date":"2025-07-18T14:48:54","date_gmt":"2025-07-18T12:48:54","guid":{"rendered":"https:\/\/canapes.boutique\/blog\/?page_id=149"},"modified":"2025-07-18T14:48:54","modified_gmt":"2025-07-18T12:48:54","slug":"plan-du-site","status":"publish","type":"page","link":"https:\/\/canapes.boutique\/blog\/plan-du-site\/","title":{"rendered":"Plan du site"},"content":{"rendered":"<div id=\"simple-sitemap-container-69fec5277781f\" class=\"simple-sitemap-container simple-sitemap-container-69fec5277781f\"><h3 class=\"post-type\">Articles<\/h3><div class=\"simple-sitemap-wrap actualites-tendances\"><h3 class=\"term-tag\">Actualit\u00e9s &amp; Tendances<\/h3><ul class=\"simple-sitemap-post main\"><li class=\"sitemap-item\"><a href=\"https:\/\/canapes.boutique\/blog\/canape-tendances\/\">Achetez un canap\u00e9 : Les tendances \u00e0 ne pas manquer<\/a><\/li><li class=\"sitemap-item\"><a href=\"https:\/\/canapes.boutique\/blog\/acheter-canape-salon\/\">D\u00e9couvrez comment acheter un canap\u00e9 qui sublimera votre salon<\/a><\/li><li class=\"sitemap-item\"><a href=\"https:\/\/canapes.boutique\/blog\/canape-bleu-canard\/\">Guide couleur : pourquoi craquer pour un canap\u00e9 bleu canard ?<\/a><\/li><li class=\"sitemap-item\"><a href=\"https:\/\/canapes.boutique\/blog\/acheter-canape-confort\/\">Investissez dans le confort : acheter un canap\u00e9 adapt\u00e9 \u00e0 vos besoins<\/a><\/li><\/ul><\/div><div class=\"simple-sitemap-wrap astuces-entretien\"><h3 class=\"term-tag\">Astuces &amp; Entretien<\/h3><ul class=\"simple-sitemap-post main\"><li class=\"sitemap-item\"><a href=\"https:\/\/canapes.boutique\/blog\/canape-livraison-gratuite\/\">Canap\u00e9 livraison gratuite : conditions, pi\u00e8ges \u00e0 \u00e9viter et o\u00f9 en b\u00e9n\u00e9ficier ?<\/a><\/li><li class=\"sitemap-item\"><a href=\"https:\/\/canapes.boutique\/blog\/nettoyer-canape-cuir\/\">Comment nettoyer un canap\u00e9 en cuir sans l\u2019ab\u00eemer ?<\/a><\/li><li class=\"sitemap-item\"><a href=\"https:\/\/canapes.boutique\/blog\/nettoyer-canape-tissu\/\">Comment nettoyer un canap\u00e9 en tissu ?<\/a><\/li><li class=\"sitemap-item\"><a href=\"https:\/\/canapes.boutique\/blog\/reprise-canape-conforama-maisons\/\">Reprise d\u2019un canap\u00e9 Conforama ou Maisons du Monde : mode d\u2019emploi<\/a><\/li><\/ul><\/div><div class=\"simple-sitemap-wrap avis-canapes\"><h3 class=\"term-tag\">Avis canap\u00e9s<\/h3><ul class=\"simple-sitemap-post main\"><li class=\"sitemap-item\"><a href=\"https:\/\/canapes.boutique\/blog\/avis-bobochic\/\">Avis Bobochic<\/a><\/li><li class=\"sitemap-item\"><a href=\"https:\/\/canapes.boutique\/blog\/avis-canape-anvers\/\">avis canap\u00e9 anvers maison du monde<\/a><\/li><li class=\"sitemap-item\"><a href=\"https:\/\/canapes.boutique\/blog\/avis-canape-bobochic\/\">avis canape arsene bobochic<\/a><\/li><li class=\"sitemap-item\"><a href=\"https:\/\/canapes.boutique\/blog\/avis-canape-atilla-bobochic\/\">avis canape atilla bobochic<\/a><\/li><li class=\"sitemap-item\"><a href=\"https:\/\/canapes.boutique\/blog\/avis-canape-augustin-bobochic\/\">avis canap\u00e9 augustin bobochic<\/a><\/li><li class=\"sitemap-item\"><a href=\"https:\/\/canapes.boutique\/blog\/avis-canape-barcelone\/\">avis canap\u00e9 barcelone maison du monde<\/a><\/li><li class=\"sitemap-item\"><a href=\"https:\/\/canapes.boutique\/blog\/avis-canape-belair-bobochic\/\">avis canap\u00e9 belair bobochic<\/a><\/li><li class=\"sitemap-item\"><a href=\"https:\/\/canapes.boutique\/blog\/avis-canape-bobochic-nihad\/\">avis canap\u00e9 bobochic nihad<\/a><\/li><li class=\"sitemap-item\"><a href=\"https:\/\/canapes.boutique\/blog\/avis-canape-boconcept\/\">avis canap\u00e9 boconcept<\/a><\/li><li class=\"sitemap-item\"><a href=\"https:\/\/canapes.boutique\/blog\/avis-canape-brooke\/\">avis canap\u00e9 brooke maison du monde<\/a><\/li><li class=\"sitemap-item\"><a href=\"https:\/\/canapes.boutique\/blog\/avis-canape-bubble-bobois\/\">avis canap\u00e9 bubble roche bobois<\/a><\/li><li class=\"sitemap-item\"><a href=\"https:\/\/canapes.boutique\/blog\/avis-canape-christian-lacroix\/\">avis canap\u00e9 christian lacroix<\/a><\/li><li class=\"sitemap-item\"><a href=\"https:\/\/canapes.boutique\/blog\/avis-canape-convertible-emma\/\">avis canap\u00e9 convertible emma<\/a><\/li><li class=\"sitemap-item\"><a href=\"https:\/\/canapes.boutique\/blog\/canape-convertible-norsminde\/\">avis canape convertible norsminde jysk<\/a><\/li><li class=\"sitemap-item\"><a href=\"https:\/\/canapes.boutique\/blog\/avis-canape-vimle-ikea\/\">avis canap\u00e9 convertible vimle ikea<\/a><\/li><li class=\"sitemap-item\"><a href=\"https:\/\/canapes.boutique\/blog\/avis-canape-ektorp\/\">avis canap\u00e9 ektorp ikea<\/a><\/li><li class=\"sitemap-item\"><a href=\"https:\/\/canapes.boutique\/blog\/avis-canape-elementary\/\">avis canape elementary maison du monde<\/a><\/li><li class=\"sitemap-item\"><a href=\"https:\/\/canapes.boutique\/blog\/avis-canape-elisa\/\">avis canape elisa bobochic<\/a><\/li><li class=\"sitemap-item\"><a href=\"https:\/\/canapes.boutique\/blog\/avis-canape-elvis\/\">avis canap\u00e9 elvis maison du monde<\/a><\/li><li class=\"sitemap-item\"><a href=\"https:\/\/canapes.boutique\/blog\/avis-canape-envy-bobochic\/\">avis canap\u00e9 envy bobochic<\/a><\/li><li class=\"sitemap-item\"><a href=\"https:\/\/canapes.boutique\/blog\/avis-canape-ernest\/\">avis canape ernest bobochic<\/a><\/li><li class=\"sitemap-item\"><a href=\"https:\/\/canapes.boutique\/blog\/avis-canape-everest\/\">avis canap\u00e9 everest bobochic<\/a><\/li><li class=\"sitemap-item\"><a href=\"https:\/\/canapes.boutique\/blog\/avis-canape-friheten\/\">avis canape friheten ikea<\/a><\/li><li class=\"sitemap-item\"><a href=\"https:\/\/canapes.boutique\/blog\/avis-canape-fuji-bobochic\/\">avis canap\u00e9 fuji bobochic<\/a><\/li><li class=\"sitemap-item\"><a href=\"https:\/\/canapes.boutique\/blog\/avis-canape-giola\/\">avis canap\u00e9 giola poltronesofa<\/a><\/li><li class=\"sitemap-item\"><a href=\"https:\/\/canapes.boutique\/blog\/avis-canape-homifab\/\">avis canap\u00e9 homifab<\/a><\/li><li class=\"sitemap-item\"><a href=\"https:\/\/canapes.boutique\/blog\/avis-canape-honore-alinea\/\">avis canape honore alinea<\/a><\/li><li class=\"sitemap-item\"><a href=\"https:\/\/canapes.boutique\/blog\/avis-canape-ikea\/\">avis canap\u00e9 ikea<\/a><\/li><li class=\"sitemap-item\"><a href=\"https:\/\/canapes.boutique\/blog\/avis-canape-kivik\/\">avis canap\u00e9 ikea kivik<\/a><\/li><li class=\"sitemap-item\"><a href=\"https:\/\/canapes.boutique\/blog\/avis-canape-ikea-soderhamn\/\">avis canape ikea soderhamn<\/a><\/li><li class=\"sitemap-item\"><a href=\"https:\/\/canapes.boutique\/blog\/avis-canape-iris-cuir\/\">avis canape iris cuir center<\/a><\/li><li class=\"sitemap-item\"><a href=\"https:\/\/canapes.boutique\/blog\/avis-canape-kivik-ikea\/\">avis canap\u00e9 kivik cuir ikea<\/a><\/li><li class=\"sitemap-item\"><a href=\"https:\/\/canapes.boutique\/blog\/avis-canape-leonard-bobochic\/\">avis canap\u00e9 leonard bobochic<\/a><\/li><li class=\"sitemap-item\"><a href=\"https:\/\/canapes.boutique\/blog\/avis-canape-lilo\/\">Avis canap\u00e9 Lilo Maisons du Monde<\/a><\/li><li class=\"sitemap-item\"><a href=\"https:\/\/canapes.boutique\/blog\/avis-canape-lit-tediber\/\">avis canap\u00e9 lit tediber<\/a><\/li><li class=\"sitemap-item\"><a href=\"https:\/\/canapes.boutique\/blog\/avis-canape-louvain\/\">avis canap\u00e9 louvain maison du monde<\/a><\/li><li class=\"sitemap-item\"><a href=\"https:\/\/canapes.boutique\/blog\/avis-canape-nio\/\">Avis canap\u00e9 Nio Maisons du Monde<\/a><\/li><li class=\"sitemap-item\"><a href=\"https:\/\/canapes.boutique\/blog\/avis-canape-osaka\/\">avis canap\u00e9 osaka boconcept<\/a><\/li><li class=\"sitemap-item\"><a href=\"https:\/\/canapes.boutique\/blog\/avis-pouf-big-bertha\/\">avis canap\u00e9 pouf big bertha<\/a><\/li><li class=\"sitemap-item\"><a href=\"https:\/\/canapes.boutique\/blog\/avis-canape-sklum\/\">avis canap\u00e9 sklum<\/a><\/li><li class=\"sitemap-item\"><a href=\"https:\/\/canapes.boutique\/blog\/avis-miliboo\/\">Avis Miliboo<\/a><\/li><li class=\"sitemap-item\"><a href=\"https:\/\/canapes.boutique\/blog\/avis-poltronesofa\/\">Avis Poltronesofa<\/a><\/li><li class=\"sitemap-item\"><a href=\"https:\/\/canapes.boutique\/blog\/canape-bz-clic-clac\/\">Canap\u00e9 BZ ou Clic-Clac ?<\/a><\/li><li class=\"sitemap-item\"><a href=\"https:\/\/canapes.boutique\/blog\/canape-angle-beige-salon\/\">Canap\u00e9 d\u2019angle beige : un classique ind\u00e9modable pour tous les salons<\/a><\/li><li class=\"sitemap-item\"><a href=\"https:\/\/canapes.boutique\/blog\/canape-modulable-avantages\/\">Canap\u00e9 modulable : avantages, inconv\u00e9nients et meilleures marques<\/a><\/li><li class=\"sitemap-item\"><a href=\"https:\/\/canapes.boutique\/blog\/canape-chien-modeles-resistants\/\">Canap\u00e9 pour chien : top 5 des mod\u00e8les r\u00e9sistants et lavables<\/a><\/li><li class=\"sitemap-item\"><a href=\"https:\/\/canapes.boutique\/blog\/reconnaitre-canape-chesterfield\/\">Comment reconna\u00eetre un vrai canap\u00e9 Chesterfield ?<\/a><\/li><li class=\"sitemap-item\"><a href=\"https:\/\/canapes.boutique\/blog\/meilleur-canape-convertible\/\">Meilleur petit canap\u00e9 convertible<\/a><\/li><li class=\"sitemap-item\"><a href=\"https:\/\/canapes.boutique\/blog\/difference-chesterfield-canape\/\">Quelle est la diff\u00e9rence entre un Chesterfield et un canap\u00e9 ?<\/a><\/li><li class=\"sitemap-item\"><a href=\"https:\/\/canapes.boutique\/blog\/classement-canapes-convertibles\/\">UFC Que Choisir canap\u00e9 convertible : Classement des meilleurs mod\u00e8les<\/a><\/li><\/ul><\/div><div class=\"simple-sitemap-wrap guides-achat-comparatifs\"><h3 class=\"term-tag\">Guides d\u2019achat &amp; Comparatifs<\/h3><ul class=\"simple-sitemap-post main\"><li class=\"sitemap-item\"><a href=\"https:\/\/canapes.boutique\/blog\/achat-canape-5-astuces\/\">Achat de canap\u00e9 : 5 astuces pour d\u00e9nicher la meilleure affaire<\/a><\/li><li class=\"sitemap-item\"><a href=\"https:\/\/canapes.boutique\/blog\/canapes-pas-chers-offres\/\">Canap\u00e9s pas chers : o\u00f9 trouver les meilleures offres pr\u00e8s de chez vous ?<\/a><\/li><li class=\"sitemap-item\"><a href=\"https:\/\/canapes.boutique\/blog\/dimensions-canape-tailles-salon\/\">Dimension canap\u00e9 : quelles tailles standard pour bien am\u00e9nager son salon ?<\/a><\/li><li class=\"sitemap-item\"><a href=\"https:\/\/canapes.boutique\/blog\/acheter-canape-en-ligne\/\">Pourquoi acheter un canap\u00e9 en ligne peut vous faire \u00e9conomiser<\/a><\/li><\/ul><\/div><div class=\"simple-sitemap-wrap types-deco\"><h3 class=\"term-tag\">Types et D\u00e9co<\/h3><ul class=\"simple-sitemap-post main\"><li class=\"sitemap-item\"><a href=\"https:\/\/canapes.boutique\/blog\/canape-angle-convertible\/\">Canap\u00e9 d\u2019angle convertible : avantages, inconv\u00e9nients et mod\u00e8les \u00e0 conna\u00eetre<\/a><\/li><li class=\"sitemap-item\"><a href=\"https:\/\/canapes.boutique\/blog\/canape-velours-retro-achat\/\">Canap\u00e9 velours c\u00f4tel\u00e9 : charme r\u00e9tro et o\u00f9 l\u2019acheter<\/a><\/li><li class=\"sitemap-item\"><a href=\"https:\/\/canapes.boutique\/blog\/decorer-canape-coussins\/\">Comment d\u00e9corer un canap\u00e9 avec des coussins ?<\/a><\/li><li class=\"sitemap-item\"><a href=\"https:\/\/canapes.boutique\/blog\/dessiner-canape-tutoriel\/\">Comment dessiner un canap\u00e9 : Tutoriel pas \u00e0 pas pour d\u00e9butants<\/a><\/li><li class=\"sitemap-item\"><a href=\"https:\/\/canapes.boutique\/blog\/enlever-aureole-canape-tissu\/\">Comment enlever une aur\u00e9ole sur un canap\u00e9 en tissu ?<\/a><\/li><li class=\"sitemap-item\"><a href=\"https:\/\/canapes.boutique\/blog\/canape-palette-tuto-diy\/\">Comment faire un canap\u00e9 en palette : Tuto DIY complet et \u00e9conomique<\/a><\/li><li class=\"sitemap-item\"><a href=\"https:\/\/canapes.boutique\/blog\/nettoyer-urine-canape-tissu\/\">Comment nettoyer de l&rsquo;urine sur un canap\u00e9 en tissu : 5 astuces qui marchent<\/a><\/li><li class=\"sitemap-item\"><a href=\"https:\/\/canapes.boutique\/blog\/recouvrir-canape-simili-cuir\/\">Comment recouvrir un canap\u00e9 en simili cuir : 3 techniques faciles et pas ch\u00e8res<\/a><\/li><li class=\"sitemap-item\"><a href=\"https:\/\/canapes.boutique\/blog\/housse-canape-angle-guide\/\">Housse de canap\u00e9 d\u2019angle : guide d\u2019achat, dimensions et pose pas-\u00e0-pas<\/a><\/li><li class=\"sitemap-item\"><a href=\"https:\/\/canapes.boutique\/blog\/jete-canape-choisir-agencer\/\">Jet\u00e9 de canap\u00e9 : comment le choisir et l\u2019agencer pour sublimer votre salon<\/a><\/li><li class=\"sitemap-item\"><a href=\"https:\/\/canapes.boutique\/blog\/acheter-canape-comparatif\/\">O\u00f9 acheter son canap\u00e9 : Comparatif magasins physiques vs en ligne<\/a><\/li><li class=\"sitemap-item\"><a href=\"https:\/\/canapes.boutique\/blog\/acheter-canape-qualite-france\/\">O\u00f9 acheter un canap\u00e9 de qualit\u00e9 : Top 10 des meilleurs magasins en France<\/a><\/li><li class=\"sitemap-item\"><a href=\"https:\/\/canapes.boutique\/blog\/choisir-canape-mal-dos\/\">Quel canap\u00e9 choisir quand on a mal au dos\u00a0?<\/a><\/li><li class=\"sitemap-item\"><a href=\"https:\/\/canapes.boutique\/blog\/tapis-canape-gris-associations\/\">Quel tapis avec un canap\u00e9 gris : Associations parfaites selon les styles<\/a><\/li><li class=\"sitemap-item\"><a href=\"https:\/\/canapes.boutique\/blog\/couleurs-canape-rouge-idees\/\">Quelle couleur associer avec un canap\u00e9 rouge : 12 id\u00e9es d\u00e9co tendance<\/a><\/li><li class=\"sitemap-item\"><a href=\"https:\/\/canapes.boutique\/blog\/couleur-canape-salon\/\">Quelle couleur de canap\u00e9 choisir pour son salon\u00a0?<\/a><\/li><li class=\"sitemap-item\"><a href=\"https:\/\/canapes.boutique\/blog\/deco-canape-chocolat\/\">Quelle d\u00e9co avec un canap\u00e9 chocolat : Harmonies couleurs et styles<\/a><\/li><li class=\"sitemap-item\"><a href=\"https:\/\/canapes.boutique\/blog\/deco-canape-gris-anthracite\/\">Quelle d\u00e9co avec un canap\u00e9 gris anthracite : 20 inspirations modernes<\/a><\/li><li class=\"sitemap-item\"><a href=\"https:\/\/canapes.boutique\/blog\/densite-canape-guide\/\">Quelle densit\u00e9 pour un canap\u00e9 : Guide complet pour bien choisir (kg\/m\u00b3)<\/a><\/li><\/ul><\/div><\/div><br style=\"clear: both\">","protected":false},"excerpt":{"rendered":"","protected":false},"author":1,"featured_media":0,"parent":0,"menu_order":0,"comment_status":"closed","ping_status":"closed","template":"","meta":{"footnotes":""},"class_list":["post-149","page","type-page","status-publish","hentry"],"yoast_head":"<!-- This site is optimized with the Yoast SEO plugin v27.5 - https:\/\/yoast.com\/product\/yoast-seo-wordpress\/ -->\n<title>Plan du site - Actualit\u00e9s &amp; ressources canapes.boutique<\/title>\n<meta name=\"description\" content=\"L&#039;int\u00e9gralit\u00e9 des contenus de canapes.boutique.\" \/>\n<meta name=\"robots\" content=\"index, follow, max-snippet:-1, max-image-preview:large, max-video-preview:-1\" \/>\n<link rel=\"canonical\" href=\"https:\/\/canapes.boutique\/blog\/plan-du-site\/\" \/>\n<meta property=\"og:locale\" content=\"fr_FR\" \/>\n<meta property=\"og:type\" content=\"article\" \/>\n<meta property=\"og:title\" content=\"Plan du site - Actualit\u00e9s &amp; ressources canapes.boutique\" \/>\n<meta property=\"og:description\" content=\"L&#039;int\u00e9gralit\u00e9 des contenus de canapes.boutique.\" \/>\n<meta property=\"og:url\" content=\"https:\/\/canapes.boutique\/blog\/plan-du-site\/\" \/>\n<meta property=\"og:site_name\" content=\"Actualit\u00e9s &amp; ressources canapes.boutique\" \/>\n<meta name=\"twitter:card\" content=\"summary_large_image\" \/>\n<script type=\"application\/ld+json\" class=\"yoast-schema-graph\">{\"@context\":\"https:\\\/\\\/schema.org\",\"@graph\":[{\"@type\":\"WebPage\",\"@id\":\"https:\\\/\\\/canapes.boutique\\\/blog\\\/plan-du-site\\\/\",\"url\":\"https:\\\/\\\/canapes.boutique\\\/blog\\\/plan-du-site\\\/\",\"name\":\"Plan du site - Actualit\u00e9s &amp; ressources canapes.boutique\",\"isPartOf\":{\"@id\":\"https:\\\/\\\/canapes.boutique\\\/blog\\\/#website\"},\"datePublished\":\"2025-07-18T12:48:54+00:00\",\"description\":\"L'int\u00e9gralit\u00e9 des contenus de canapes.boutique.\",\"breadcrumb\":{\"@id\":\"https:\\\/\\\/canapes.boutique\\\/blog\\\/plan-du-site\\\/#breadcrumb\"},\"inLanguage\":\"fr-FR\",\"potentialAction\":[{\"@type\":\"ReadAction\",\"target\":[\"https:\\\/\\\/canapes.boutique\\\/blog\\\/plan-du-site\\\/\"]}]},{\"@type\":\"BreadcrumbList\",\"@id\":\"https:\\\/\\\/canapes.boutique\\\/blog\\\/plan-du-site\\\/#breadcrumb\",\"itemListElement\":[{\"@type\":\"ListItem\",\"position\":1,\"name\":\"Accueil\",\"item\":\"https:\\\/\\\/canapes.boutique\\\/blog\\\/\"},{\"@type\":\"ListItem\",\"position\":2,\"name\":\"Plan du site\"}]},{\"@type\":\"WebSite\",\"@id\":\"https:\\\/\\\/canapes.boutique\\\/blog\\\/#website\",\"url\":\"https:\\\/\\\/canapes.boutique\\\/blog\\\/\",\"name\":\"Actualit\u00e9s & ressources canapes.boutique\",\"description\":\"\",\"potentialAction\":[{\"@type\":\"SearchAction\",\"target\":{\"@type\":\"EntryPoint\",\"urlTemplate\":\"https:\\\/\\\/canapes.boutique\\\/blog\\\/?s={search_term_string}\"},\"query-input\":{\"@type\":\"PropertyValueSpecification\",\"valueRequired\":true,\"valueName\":\"search_term_string\"}}],\"inLanguage\":\"fr-FR\"}]}<\/script>\n<!-- \/ Yoast SEO plugin. -->","yoast_head_json":{"title":"Plan du site - Actualit\u00e9s &amp; ressources canapes.boutique","description":"L'int\u00e9gralit\u00e9 des contenus de canapes.boutique.","robots":{"index":"index","follow":"follow","max-snippet":"max-snippet:-1","max-image-preview":"max-image-preview:large","max-video-preview":"max-video-preview:-1"},"canonical":"https:\/\/canapes.boutique\/blog\/plan-du-site\/","og_locale":"fr_FR","og_type":"article","og_title":"Plan du site - Actualit\u00e9s &amp; ressources canapes.boutique","og_description":"L'int\u00e9gralit\u00e9 des contenus de canapes.boutique.","og_url":"https:\/\/canapes.boutique\/blog\/plan-du-site\/","og_site_name":"Actualit\u00e9s &amp; ressources canapes.boutique","twitter_card":"summary_large_image","schema":{"@context":"https:\/\/schema.org","@graph":[{"@type":"WebPage","@id":"https:\/\/canapes.boutique\/blog\/plan-du-site\/","url":"https:\/\/canapes.boutique\/blog\/plan-du-site\/","name":"Plan du site - Actualit\u00e9s &amp; ressources canapes.boutique","isPartOf":{"@id":"https:\/\/canapes.boutique\/blog\/#website"},"datePublished":"2025-07-18T12:48:54+00:00","description":"L'int\u00e9gralit\u00e9 des contenus de canapes.boutique.","breadcrumb":{"@id":"https:\/\/canapes.boutique\/blog\/plan-du-site\/#breadcrumb"},"inLanguage":"fr-FR","potentialAction":[{"@type":"ReadAction","target":["https:\/\/canapes.boutique\/blog\/plan-du-site\/"]}]},{"@type":"BreadcrumbList","@id":"https:\/\/canapes.boutique\/blog\/plan-du-site\/#breadcrumb","itemListElement":[{"@type":"ListItem","position":1,"name":"Accueil","item":"https:\/\/canapes.boutique\/blog\/"},{"@type":"ListItem","position":2,"name":"Plan du site"}]},{"@type":"WebSite","@id":"https:\/\/canapes.boutique\/blog\/#website","url":"https:\/\/canapes.boutique\/blog\/","name":"Actualit\u00e9s & ressources canapes.boutique","description":"","potentialAction":[{"@type":"SearchAction","target":{"@type":"EntryPoint","urlTemplate":"https:\/\/canapes.boutique\/blog\/?s={search_term_string}"},"query-input":{"@type":"PropertyValueSpecification","valueRequired":true,"valueName":"search_term_string"}}],"inLanguage":"fr-FR"}]}},"_links":{"self":[{"href":"https:\/\/canapes.boutique\/blog\/wp-json\/wp\/v2\/pages\/149","targetHints":{"allow":["GET"]}}],"collection":[{"href":"https:\/\/canapes.boutique\/blog\/wp-json\/wp\/v2\/pages"}],"about":[{"href":"https:\/\/canapes.boutique\/blog\/wp-json\/wp\/v2\/types\/page"}],"author":[{"embeddable":true,"href":"https:\/\/canapes.boutique\/blog\/wp-json\/wp\/v2\/users\/1"}],"replies":[{"embeddable":true,"href":"https:\/\/canapes.boutique\/blog\/wp-json\/wp\/v2\/comments?post=149"}],"version-history":[{"count":1,"href":"https:\/\/canapes.boutique\/blog\/wp-json\/wp\/v2\/pages\/149\/revisions"}],"predecessor-version":[{"id":155,"href":"https:\/\/canapes.boutique\/blog\/wp-json\/wp\/v2\/pages\/149\/revisions\/155"}],"wp:attachment":[{"href":"https:\/\/canapes.boutique\/blog\/wp-json\/wp\/v2\/media?parent=149"}],"curies":[{"name":"wp","href":"https:\/\/api.w.org\/{rel}","templated":true}]}}